{"id":293,"date":"2015-01-16T10:39:38","date_gmt":"2015-01-16T09:39:38","guid":{"rendered":"http:\/\/schipolska.pl\/strona-glowna\/"},"modified":"2015-01-16T10:39:38","modified_gmt":"2015-01-16T09:39:38","slug":"strona-glowna","status":"publish","type":"page","link":"https:\/\/schipolska.pl\/ru\/strona-glowna\/","title":{"rendered":"Strona g\u0142\u00f3wna"},"content":{"rendered":"<p>[vc_row full_width=&#187;stretch_row&#187; css=&#187;.vc_custom_1525860793788{padding-top: 13px !important;padding-bottom: 13px !important;background-color: #e9eded !important;}&#187;][vc_column css=&#187;.vc_custom_1525859830962{padding-top: 0px !important;padding-bottom: 0px !important;}&#187;]\n\t<section class=\"shop-cat-tiles\">\n\t\t\t\t\t<a href=\"\" class=\"single-tile\">\n\t\t\t\t<div class=\"inner\">\n\t\t\t\t\t<div class=\"image\"><img decoding=\"async\" src=\"https:\/\/schipolska.pl\/wp-content\/uploads\/2018\/05\/chain.svg\" class=\"svg-image\"><\/div>\t\n\t\t\t\t\t<span>\u0141a\u0144cuchy<\/span>\n\t\t\t\t<\/div>\n\t\t\t<\/a>\n\t\t\t\t\t<a href=\"\" class=\"single-tile\">\n\t\t\t\t<div class=\"inner\">\n\t\t\t\t\t<div class=\"image\"><img decoding=\"async\" src=\"https:\/\/schipolska.pl\/wp-content\/uploads\/2018\/05\/work-tool.svg\" class=\"svg-image\"><\/div>\t\n\t\t\t\t\t<span>Ko\u0142a \u0142a\u0144cuchowe i pasowe<\/span>\n\t\t\t\t<\/div>\n\t\t\t<\/a>\n\t\t\t\t\t<a href=\"\" class=\"single-tile\">\n\t\t\t\t<div class=\"inner\">\n\t\t\t\t\t<div class=\"image\"><img decoding=\"async\" src=\"https:\/\/schipolska.pl\/wp-content\/uploads\/2018\/05\/piston.svg\" class=\"svg-image\"><\/div>\t\n\t\t\t\t\t<span>Pneumatyka FESTO<\/span>\n\t\t\t\t<\/div>\n\t\t\t<\/a>\n\t\t\t\t\t<a href=\"\" class=\"single-tile\">\n\t\t\t\t<div class=\"inner\">\n\t\t\t\t\t<div class=\"image\"><img decoding=\"async\" src=\"https:\/\/schipolska.pl\/wp-content\/uploads\/2018\/05\/napinacze.svg\" class=\"svg-image\"><\/div>\t\n\t\t\t\t\t<span>Napinacze<\/span>\n\t\t\t\t<\/div>\n\t\t\t<\/a>\n\t\t\t\t\t<a href=\"\" class=\"single-tile\">\n\t\t\t\t<div class=\"inner\">\n\t\t\t\t\t<div class=\"image\"><img decoding=\"async\" src=\"https:\/\/schipolska.pl\/wp-content\/uploads\/2018\/05\/ic_smarownica.svg\" class=\"svg-image\"><\/div>\t\n\t\t\t\t\t<span>Smarownice SLOT Grease<\/span>\n\t\t\t\t<\/div>\n\t\t\t<\/a>\n\t\t\t\t\t<a href=\"\" class=\"single-tile\">\n\t\t\t\t<div class=\"inner\">\n\t\t\t\t\t<div class=\"image\"><img decoding=\"async\" src=\"https:\/\/schipolska.pl\/wp-content\/uploads\/2018\/05\/listwy.svg\" class=\"svg-image\"><\/div>\t\n\t\t\t\t\t<span>Listwy z\u0119bate<\/span>\n\t\t\t\t<\/div>\n\t\t\t<\/a>\n\t\t\t\t\t<a href=\"\" class=\"single-tile\">\n\t\t\t\t<div class=\"inner\">\n\t\t\t\t\t<div class=\"image\"><img decoding=\"async\" src=\"https:\/\/schipolska.pl\/wp-content\/uploads\/2018\/05\/prowadnice.svg\" class=\"svg-image\"><\/div>\t\n\t\t\t\t\t<span>Prowadnice<\/span>\n\t\t\t\t<\/div>\n\t\t\t<\/a>\n\t\t\t\t\t<a href=\"\" class=\"single-tile\">\n\t\t\t\t<div class=\"inner\">\n\t\t\t\t\t<div class=\"image\"><img decoding=\"async\" src=\"https:\/\/schipolska.pl\/wp-content\/uploads\/2018\/05\/cylinder.svg\" class=\"svg-image\"><\/div>\t\n\t\t\t\t\t<span>Tuleje monta\u017cowe<\/span>\n\t\t\t\t<\/div>\n\t\t\t<\/a>\n\t\t\t\t\t<a href=\"\" class=\"single-tile\">\n\t\t\t\t<div class=\"inner\">\n\t\t\t\t\t<div class=\"image\"><img decoding=\"async\" src=\"https:\/\/schipolska.pl\/wp-content\/uploads\/2018\/05\/ic_sprzeglo.svg\" class=\"svg-image\"><\/div>\t\n\t\t\t\t\t<span>Sprz\u0119g\u0142a elastyczne<\/span>\n\t\t\t\t<\/div>\n\t\t\t<\/a>\n\t\t\t\t<a href=\"\" class=\"single-tile shop\" target=\"_blank\">\n\t\t\t<div class=\"inner\">\n\t\t\t\t<span>\u041e\u043d-\u043b\u0430\u0439\u043d \u043c\u0430\u0433\u0430\u0437\u0438\u043d<\/span>\n\t\t\t<\/div>\n\t\t<\/a>\n\t<\/section>\n[\/vc_column][\/vc_row][vc_row content_placement=&#187;middle&#187; css=&#187;.vc_custom_1526642341701{padding-top: 100px !important;padding-bottom: 100px !important;}&#187; el_class=&#187;rpt-small rpb-small&#187;][vc_column width=&#187;1\/2&#8243; css=&#187;.vc_custom_1525861232096{padding-top: 0px !important;padding-bottom: 0px !important;}&#187;][vc_column_text css=&#187;.vc_custom_1525862809833{margin-bottom: 0px !important;padding-right: 60px !important;padding-left: 60px !important;}&#187; el_class=&#187;space-textblock&#187;]<\/p>\n<h2>Kim jeste\u015bmy?<\/h2>\n<p>Biuro Techniczno-Handlowe Schipolska Sp z. o.o jest firm\u0105 zajmuj\u0105c\u0105 si\u0119 sprzeda\u017c\u0105 rozwi\u0105za\u0144 w zakresie element\u00f3w przeniesienia nap\u0119du mechanicznego dla wszystkich ga\u0142\u0119zi przemys\u0142u.<\/p>\n<p>Swoje produkty oraz us\u0142ugi sprzedajemy na terenie ca\u0142ego kraju i zagranic\u0105.<\/p>\n<p><a href=\"\/?page_id=28\"><span class=\"button button-large go-to-page\">O firmie<\/span><\/a>[\/vc_column_text][\/vc_column][vc_column width=&#187;1\/2&#8243; css=&#187;.vc_custom_1525861236863{padding-top: 0px !important;padding-bottom: 0px !important;}&#187;][vc_single_image image=&#187;50&#8243; img_size=&#187;large&#187; alignment=&#187;center&#187; css=&#187;.vc_custom_1525861299535{margin-bottom: 0px !important;}&#187;][\/vc_column][\/vc_row][vc_row full_width=&#187;stretch_row&#187; el_class=&#187;centered-bg&#187; css=&#187;.vc_custom_1525863225326{padding-top: 100px !important;padding-bottom: 100px !important;background-image: url(http:\/\/schipolska.pl\/wp-content\/uploads\/2018\/05\/home-image2.jpg?id=51) !important;background-position: 0 0 !important;background-repeat: repeat !important;}&#187;][vc_column css=&#187;.vc_custom_1525863236637{padding-top: 0px !important;padding-bottom: 0px !important;}&#187;][vc_column_text css=&#187;.vc_custom_1525863171354{margin-bottom: 0px !important;}&#187;]<\/p>\n<h2 style=\"text-align: center;\"><span class=\"bardzo-duze-napisy\" style=\"color: #ffffff;\">Schipolska nap\u0119dza przemys\u0142!<\/span><\/h2>\n<p>[\/vc_column_text][\/vc_column][\/vc_row][vc_row content_placement=&#187;middle&#187; css=&#187;.vc_custom_1526642708157{padding-top: 100px !important;}&#187; el_class=&#187;rpt-small&#187;][vc_column width=&#187;1\/2&#8243; css=&#187;.vc_custom_1525861232096{padding-top: 0px !important;padding-bottom: 0px !important;}&#187;][vc_single_image image=&#187;146&#8243; img_size=&#187;large&#187; alignment=&#187;center&#187; css=&#187;.vc_custom_1525863895795{margin-bottom: 0px !important;}&#187;][\/vc_column][vc_column width=&#187;1\/2&#8243; css=&#187;.vc_custom_1525861236863{padding-top: 0px !important;padding-bottom: 0px !important;}&#187;][vc_column_text css=&#187;.vc_custom_1525863375192{margin-bottom: 0px !important;padding-right: 60px !important;padding-left: 60px !important;}&#187; el_class=&#187;space-textblock&#187;]<\/p>\n<h2>Katalogi produkt\u00f3w<\/h2>\n<p>Jacques Lenot revendique un parcours atypique et autodidacte &#8212; m\u00eame si sa route a crois\u00e9 celle de Karlheinz Stockhausen ou encore Sylvano Bussotti. D\u2019origine s\u00e9rielle, le compositeur \u00e9largit depuis 1967 ce syst\u00e8me \u00e0 un univers qui lui est propre, o\u00f9 la virtuosit\u00e9 instrumentale tient un r\u00f4le central.<\/p>\n<p><a href=\"\/?page_id=34\"><span class=\"button button-large go-to-page\">Do pobrania<\/span><\/a>[\/vc_column_text][\/vc_column][\/vc_row]<\/p>\n","protected":false},"excerpt":{"rendered":"<p>[vc_row full_width=&#187;stretch_row&#187; css=&#187;.vc_custom_1525860793788{padding-top: 13px !important;padding-bottom: 13px !important;background-color: #e9eded !important;}&#187;][vc_column css=&#187;.vc_custom_1525859830962{padding-top: 0px !important;padding-bottom: 0px !important;}&#187;][\/vc_column][\/vc_row][vc_row content_placement=&#187;middle&#187; css=&#187;.vc_custom_1526642341701{padding-top: 100px !important;padding-bottom: 100px !important;}&#187; el_class=&#187;rpt-small rpb-small&#187;][vc_column width=&#187;1\/2&#8243; css=&#187;.vc_custom_1525861232096{padding-top: 0px !important;padding-bottom: 0px !important;}&#187;][vc_column_text css=&#187;.vc_custom_1525862809833{margin-bottom: 0px !important;padding-right: 60px !important;padding-left: 60px !important;}&#187; el_class=&#187;space-textblock&#187;] Kim jeste\u015bmy? Biuro Techniczno-Handlowe Schipolska Sp z. o.o jest firm\u0105 zajmuj\u0105c\u0105 si\u0119 sprzeda\u017c\u0105 rozwi\u0105za\u0144 w zakresie element\u00f3w przeniesienia nap\u0119du [&hellip;]<\/p>\n","protected":false},"author":1,"featured_media":0,"parent":0,"menu_order":0,"comment_status":"closed","ping_status":"open","template":"page-templates\/homepage.php","meta":{"_acf_changed":false,"inline_featured_image":false,"ngg_post_thumbnail":0,"footnotes":""},"class_list":["post-293","page","type-page","status-publish","hentry"],"acf":[],"yoast_head":"<!-- This site is optimized with the Yoast SEO plugin v27.5 - https:\/\/yoast.com\/product\/yoast-seo-wordpress\/ -->\n<title>Strona g\u0142\u00f3wna - Schipolska<\/title>\n<meta name=\"robots\" content=\"index, follow, max-snippet:-1, max-image-preview:large, max-video-preview:-1\" \/>\n<link rel=\"canonical\" href=\"https:\/\/schipolska.pl\/ru\/\" \/>\n<meta property=\"og:locale\" content=\"ru_RU\" \/>\n<meta property=\"og:type\" content=\"article\" \/>\n<meta property=\"og:title\" content=\"Strona g\u0142\u00f3wna - Schipolska\" \/>\n<meta property=\"og:description\" content=\"[vc_row full_width=&#187;stretch_row&#187; css=&#187;.vc_custom_1525860793788{padding-top: 13px !important;padding-bottom: 13px !important;background-color: #e9eded !important;}&#187;][vc_column css=&#187;.vc_custom_1525859830962{padding-top: 0px !important;padding-bottom: 0px !important;}&#187;][\/vc_column][\/vc_row][vc_row content_placement=&#187;middle&#187; css=&#187;.vc_custom_1526642341701{padding-top: 100px !important;padding-bottom: 100px !important;}&#187; el_class=&#187;rpt-small rpb-small&#187;][vc_column width=&#187;1\/2&#8243; css=&#187;.vc_custom_1525861232096{padding-top: 0px !important;padding-bottom: 0px !important;}&#187;][vc_column_text css=&#187;.vc_custom_1525862809833{margin-bottom: 0px !important;padding-right: 60px !important;padding-left: 60px !important;}&#187; el_class=&#187;space-textblock&#187;] Kim jeste\u015bmy? Biuro Techniczno-Handlowe Schipolska Sp z. o.o jest firm\u0105 zajmuj\u0105c\u0105 si\u0119 sprzeda\u017c\u0105 rozwi\u0105za\u0144 w zakresie element\u00f3w przeniesienia nap\u0119du [&hellip;]\" \/>\n<meta property=\"og:url\" content=\"https:\/\/schipolska.pl\/ru\/\" \/>\n<meta property=\"og:site_name\" content=\"Schipolska\" \/>\n<meta name=\"twitter:label1\" content=\"\u041f\u0440\u0438\u043c\u0435\u0440\u043d\u043e\u0435 \u0432\u0440\u0435\u043c\u044f \u0434\u043b\u044f \u0447\u0442\u0435\u043d\u0438\u044f\" \/>\n\t<meta name=\"twitter:data1\" content=\"2 \u043c\u0438\u043d\u0443\u0442\u044b\" \/>\n<script type=\"application\/ld+json\" class=\"yoast-schema-graph\">{\"@context\":\"https:\\\/\\\/schema.org\",\"@graph\":[{\"@type\":\"WebPage\",\"@id\":\"https:\\\/\\\/schipolska.pl\\\/ru\\\/\",\"url\":\"https:\\\/\\\/schipolska.pl\\\/ru\\\/\",\"name\":\"Strona g\u0142\u00f3wna - Schipolska\",\"isPartOf\":{\"@id\":\"https:\\\/\\\/schipolska.pl\\\/#website\"},\"datePublished\":\"2015-01-16T09:39:38+00:00\",\"breadcrumb\":{\"@id\":\"https:\\\/\\\/schipolska.pl\\\/ru\\\/#breadcrumb\"},\"inLanguage\":\"ru-RU\",\"potentialAction\":[{\"@type\":\"ReadAction\",\"target\":[\"https:\\\/\\\/schipolska.pl\\\/ru\\\/\"]}]},{\"@type\":\"BreadcrumbList\",\"@id\":\"https:\\\/\\\/schipolska.pl\\\/ru\\\/#breadcrumb\",\"itemListElement\":[{\"@type\":\"ListItem\",\"position\":1,\"name\":\"Schipolska\",\"item\":\"https:\\\/\\\/schipolska.pl\\\/ru\\\/?page_id=3311\"},{\"@type\":\"ListItem\",\"position\":2,\"name\":\"Strona g\u0142\u00f3wna\"}]},{\"@type\":\"WebSite\",\"@id\":\"https:\\\/\\\/schipolska.pl\\\/#website\",\"url\":\"https:\\\/\\\/schipolska.pl\\\/\",\"name\":\"Schipolska\",\"description\":\"\",\"potentialAction\":[{\"@type\":\"SearchAction\",\"target\":{\"@type\":\"EntryPoint\",\"urlTemplate\":\"https:\\\/\\\/schipolska.pl\\\/?s={search_term_string}\"},\"query-input\":{\"@type\":\"PropertyValueSpecification\",\"valueRequired\":true,\"valueName\":\"search_term_string\"}}],\"inLanguage\":\"ru-RU\"}]}<\/script>\n<!-- \/ Yoast SEO plugin. -->","yoast_head_json":{"title":"Strona g\u0142\u00f3wna - Schipolska","robots":{"index":"index","follow":"follow","max-snippet":"max-snippet:-1","max-image-preview":"max-image-preview:large","max-video-preview":"max-video-preview:-1"},"canonical":"https:\/\/schipolska.pl\/ru\/","og_locale":"ru_RU","og_type":"article","og_title":"Strona g\u0142\u00f3wna - Schipolska","og_description":"[vc_row full_width=&#187;stretch_row&#187; css=&#187;.vc_custom_1525860793788{padding-top: 13px !important;padding-bottom: 13px !important;background-color: #e9eded !important;}&#187;][vc_column css=&#187;.vc_custom_1525859830962{padding-top: 0px !important;padding-bottom: 0px !important;}&#187;][\/vc_column][\/vc_row][vc_row content_placement=&#187;middle&#187; css=&#187;.vc_custom_1526642341701{padding-top: 100px !important;padding-bottom: 100px !important;}&#187; el_class=&#187;rpt-small rpb-small&#187;][vc_column width=&#187;1\/2&#8243; css=&#187;.vc_custom_1525861232096{padding-top: 0px !important;padding-bottom: 0px !important;}&#187;][vc_column_text css=&#187;.vc_custom_1525862809833{margin-bottom: 0px !important;padding-right: 60px !important;padding-left: 60px !important;}&#187; el_class=&#187;space-textblock&#187;] Kim jeste\u015bmy? Biuro Techniczno-Handlowe Schipolska Sp z. o.o jest firm\u0105 zajmuj\u0105c\u0105 si\u0119 sprzeda\u017c\u0105 rozwi\u0105za\u0144 w zakresie element\u00f3w przeniesienia nap\u0119du [&hellip;]","og_url":"https:\/\/schipolska.pl\/ru\/","og_site_name":"Schipolska","twitter_misc":{"\u041f\u0440\u0438\u043c\u0435\u0440\u043d\u043e\u0435 \u0432\u0440\u0435\u043c\u044f \u0434\u043b\u044f \u0447\u0442\u0435\u043d\u0438\u044f":"2 \u043c\u0438\u043d\u0443\u0442\u044b"},"schema":{"@context":"https:\/\/schema.org","@graph":[{"@type":"WebPage","@id":"https:\/\/schipolska.pl\/ru\/","url":"https:\/\/schipolska.pl\/ru\/","name":"Strona g\u0142\u00f3wna - Schipolska","isPartOf":{"@id":"https:\/\/schipolska.pl\/#website"},"datePublished":"2015-01-16T09:39:38+00:00","breadcrumb":{"@id":"https:\/\/schipolska.pl\/ru\/#breadcrumb"},"inLanguage":"ru-RU","potentialAction":[{"@type":"ReadAction","target":["https:\/\/schipolska.pl\/ru\/"]}]},{"@type":"BreadcrumbList","@id":"https:\/\/schipolska.pl\/ru\/#breadcrumb","itemListElement":[{"@type":"ListItem","position":1,"name":"Schipolska","item":"https:\/\/schipolska.pl\/ru\/?page_id=3311"},{"@type":"ListItem","position":2,"name":"Strona g\u0142\u00f3wna"}]},{"@type":"WebSite","@id":"https:\/\/schipolska.pl\/#website","url":"https:\/\/schipolska.pl\/","name":"Schipolska","description":"","potentialAction":[{"@type":"SearchAction","target":{"@type":"EntryPoint","urlTemplate":"https:\/\/schipolska.pl\/?s={search_term_string}"},"query-input":{"@type":"PropertyValueSpecification","valueRequired":true,"valueName":"search_term_string"}}],"inLanguage":"ru-RU"}]}},"_links":{"self":[{"href":"https:\/\/schipolska.pl\/ru\/wp-json\/wp\/v2\/pages\/293","targetHints":{"allow":["GET"]}}],"collection":[{"href":"https:\/\/schipolska.pl\/ru\/wp-json\/wp\/v2\/pages"}],"about":[{"href":"https:\/\/schipolska.pl\/ru\/wp-json\/wp\/v2\/types\/page"}],"author":[{"embeddable":true,"href":"https:\/\/schipolska.pl\/ru\/wp-json\/wp\/v2\/users\/1"}],"replies":[{"embeddable":true,"href":"https:\/\/schipolska.pl\/ru\/wp-json\/wp\/v2\/comments?post=293"}],"version-history":[{"count":0,"href":"https:\/\/schipolska.pl\/ru\/wp-json\/wp\/v2\/pages\/293\/revisions"}],"wp:attachment":[{"href":"https:\/\/schipolska.pl\/ru\/wp-json\/wp\/v2\/media?parent=293"}],"curies":[{"name":"wp","href":"https:\/\/api.w.org\/{rel}","templated":true}]}}